{"id":631,"date":"2020-10-01T10:35:27","date_gmt":"2020-10-01T10:35:27","guid":{"rendered":"https:\/\/qi4.qodeinteractive.com\/?page_id=631"},"modified":"2026-04-27T20:57:02","modified_gmt":"2026-04-27T18:57:02","slug":"services","status":"publish","type":"page","link":"https:\/\/monikamacioszek.pl\/?page_id=631","title":{"rendered":"Radykalne Wybaczanie"},"content":{"rendered":"\t\t<div data-elementor-type=\"wp-page\" data-elementor-id=\"631\" class=\"elementor elementor-631\">\n\t\t\t\t\t\t<section class=\"elementor-section elementor-top-section elementor-element elementor-element-7f58342e elementor-section-full_width elementor-section-height-full elementor-section-items-stretch elementor-section-content-middle elementor-section-height-default qodef-elementor-content-no\" data-id=\"7f58342e\" data-element_type=\"section\">\n\t\t\t\t\t\t<div class=\"elementor-container elementor-column-gap-default\">\n\t\t\t\t\t<div class=\"elementor-column elementor-col-50 elementor-top-column elementor-element elementor-element-171ae206\" data-id=\"171ae206\" data-element_type=\"column\" data-settings=\"{&quot;background_background&quot;:&quot;classic&quot;}\">\n\t\t\t<div class=\"elementor-widget-wrap elementor-element-populated\">\n\t\t\t\t\t\t<div class=\"elementor-element elementor-element-4834c38a elementor-widget-tablet__width-auto elementor-widget elementor-widget-spacer\" data-id=\"4834c38a\" data-element_type=\"widget\" data-widget_type=\"spacer.default\">\n\t\t\t\t\t\t\t<div class=\"elementor-spacer\">\n\t\t\t<div class=\"elementor-spacer-inner\"><\/div>\n\t\t<\/div>\n\t\t\t\t\t\t<\/div>\n\t\t\t\t\t<\/div>\n\t\t<\/div>\n\t\t\t\t<div class=\"elementor-column elementor-col-50 elementor-top-column elementor-element elementor-element-1351dd94\" data-id=\"1351dd94\" data-element_type=\"column\">\n\t\t\t<div class=\"elementor-widget-wrap elementor-element-populated\">\n\t\t\t\t\t\t<section class=\"elementor-section elementor-inner-section elementor-element elementor-element-d01807d elementor-section-boxed elementor-section-height-default elementor-section-height-default qodef-elementor-content-no\" data-id=\"d01807d\" data-element_type=\"section\">\n\t\t\t\t\t\t<div class=\"elementor-container elementor-column-gap-default\">\n\t\t\t\t\t<div class=\"elementor-column elementor-col-100 elementor-inner-column elementor-element elementor-element-7ae07a1c\" data-id=\"7ae07a1c\" data-element_type=\"column\">\n\t\t\t<div class=\"elementor-widget-wrap elementor-element-populated\">\n\t\t\t\t\t\t<div class=\"elementor-element elementor-element-1f267d04 elementor-widget__width-initial elementor-widget-mobile__width-inherit elementor-widget elementor-widget-qi_addons_for_elementor_section_title\" data-id=\"1f267d04\" data-element_type=\"widget\" data-widget_type=\"qi_addons_for_elementor_section_title.default\">\n\t\t\t\t<div class=\"elementor-widget-container\">\n\t\t\t\t\t<div class=\"qodef-shortcode qodef-m qodef-qi-section-title qodef-decoration--italic qodef-link--underline-draw qodef-subtitle-icon--left\">\n\t\t\t\t\t\t<h1 class=\"qodef-m-title\">\n\t\tRadykalne Wybaczanie\t<\/h1>\n\t\t\t<div class=\"qodef-m-text\"><p>Ka\u017cdy z nas niesie w sobie historie, kt\u00f3re bol\u0105. Zranienia, rozczarowania, niespe\u0142nione obietnice. Czasem pr\u00f3bujemy o nich zapomnie\u0107\u2026 ale one nadal \u017cyj\u0105 w naszym ciele i w reakcjach na \u015bwiat.<\/p><\/div>\n\t\t<div class=\"qodef-m-button qodef-qi-clear\">\n\t\t<a class=\"qodef-shortcode qodef-m qodef-qi-button qodef-html--link qodef-layout--outlined qodef-type--standard qodef-icon--right qodef-hover--icon-move-diagonal\" href=\"https:\/\/monikamacioszek.pl\/?page_id=872\" target=\"_self\">\t<span class=\"qodef-m-text\">Um\u00f3w si\u0119 na sesj\u0119<\/span>\t\t<span class=\"qodef-m-icon\">\t\t<span class=\"qodef-m-icon-inner\">\t\t\t<svg xmlns=\"http:\/\/www.w3.org\/2000\/svg\" viewBox=\"0 0 8.89 8.89\" style=\"stroke: transparent;\"><title>arrow-up-right<\/title><path d=\"M8.73.27h0A.74.74,0,0,0,8.51.12h0A.61.61,0,0,0,8.16.06H.8a.74.74,0,0,0,0,1.48H6.4L.27,7.67A.75.75,0,0,0,.79,8.94a.79.79,0,0,0,.53-.22L7.47,2.57V8.2A.74.74,0,0,0,9,8.2V.8A.77.77,0,0,0,8.73.27Z\" transform=\"translate(-0.05 -0.06)\"><\/path><\/svg>\t\t\t\t\t\t\t<svg xmlns=\"http:\/\/www.w3.org\/2000\/svg\" viewBox=\"0 0 8.89 8.89\" style=\"stroke: transparent;\"><title>arrow-up-right<\/title><path d=\"M8.73.27h0A.74.74,0,0,0,8.51.12h0A.61.61,0,0,0,8.16.06H.8a.74.74,0,0,0,0,1.48H6.4L.27,7.67A.75.75,0,0,0,.79,8.94a.79.79,0,0,0,.53-.22L7.47,2.57V8.2A.74.74,0,0,0,9,8.2V.8A.77.77,0,0,0,8.73.27Z\" transform=\"translate(-0.05 -0.06)\"><\/path><\/svg>\t\t\t\t\t<\/span>\t<\/span><\/a>\t<\/div>\n<\/div>\n\t\t\t\t<\/div>\n\t\t\t\t<\/div>\n\t\t\t\t\t<\/div>\n\t\t<\/div>\n\t\t\t\t\t<\/div>\n\t\t<\/section>\n\t\t\t\t<section class=\"elementor-section elementor-inner-section elementor-element elementor-element-7482209e elementor-section-content-bottom elementor-section-full_width elementor-section-height-default elementor-section-height-default qodef-elementor-content-no\" data-id=\"7482209e\" data-element_type=\"section\" data-settings=\"{&quot;background_background&quot;:&quot;classic&quot;}\">\n\t\t\t\t\t\t<div class=\"elementor-container elementor-column-gap-default\">\n\t\t\t\t\t<div class=\"elementor-column elementor-col-100 elementor-inner-column elementor-element elementor-element-1a6b7635\" data-id=\"1a6b7635\" data-element_type=\"column\" data-settings=\"{&quot;background_background&quot;:&quot;classic&quot;}\">\n\t\t\t<div class=\"elementor-widget-wrap elementor-element-populated\">\n\t\t\t\t\t\t<div class=\"elementor-element elementor-element-424a997b elementor-widget elementor-widget-qi_addons_for_elementor_message_box\" data-id=\"424a997b\" data-element_type=\"widget\" data-widget_type=\"qi_addons_for_elementor_message_box.default\">\n\t\t\t\t<div class=\"elementor-widget-container\">\n\t\t\t\t\t<div class=\"qodef-shortcode qodef-m qodef-qi-message-box qodef-icon--top\">\n\t\t<span class=\"qodef-m-icon\">\n\t\t<svg aria-hidden=\"true\" class=\"e-font-icon-svg e-fas-hands\" viewBox=\"0 0 640 512\" xmlns=\"http:\/\/www.w3.org\/2000\/svg\"><path d=\"M204.8 230.4c-10.6-14.1-30.7-17-44.8-6.4-14.1 10.6-17 30.7-6.4 44.8l38.1 50.8c4.8 6.4 4.1 15.3-1.5 20.9l-12.8 12.8c-6.7 6.7-17.6 6.2-23.6-1.1L64 244.4V96c0-17.7-14.3-32-32-32S0 78.3 0 96v218.4c0 10.9 3.7 21.5 10.5 30l104.1 134.3c5 6.5 8.4 13.9 10.4 21.7 1.8 6.9 8.1 11.6 15.3 11.6H272c8.8 0 16-7.2 16-16V384c0-27.7-9-54.6-25.6-76.8l-57.6-76.8zM608 64c-17.7 0-32 14.3-32 32v148.4l-89.8 107.8c-6 7.2-17 7.7-23.6 1.1l-12.8-12.8c-5.6-5.6-6.3-14.5-1.5-20.9l38.1-50.8c10.6-14.1 7.7-34.2-6.4-44.8-14.1-10.6-34.2-7.7-44.8 6.4l-57.6 76.8C361 329.4 352 356.3 352 384v112c0 8.8 7.2 16 16 16h131.7c7.1 0 13.5-4.7 15.3-11.6 2-7.8 5.4-15.2 10.4-21.7l104.1-134.3c6.8-8.5 10.5-19.1 10.5-30V96c0-17.7-14.3-32-32-32z\"><\/path><\/svg>\t<\/span>\n\t<div>\n\t\t\t\t\t<p class=\"qodef-m-text\">\n\t\tUwolnienie przesz\u0142o\u015bci. Odzyskanie wolno\u015bci.\t<\/p>\n\t<\/div>\n\t\t<span class=\"qodef-m-close-icon\">\n\t\t\t<\/span>\n<\/div>\n\t\t\t\t<\/div>\n\t\t\t\t<\/div>\n\t\t\t\t\t<\/div>\n\t\t<\/div>\n\t\t\t\t\t<\/div>\n\t\t<\/section>\n\t\t\t\t\t<\/div>\n\t\t<\/div>\n\t\t\t\t\t<\/div>\n\t\t<\/section>\n\t\t\t\t<section class=\"elementor-section elementor-top-section elementor-element elementor-element-46f3802b elementor-section-full_width elementor-section-height-default elementor-section-height-default qodef-elementor-content-no\" data-id=\"46f3802b\" data-element_type=\"section\">\n\t\t\t\t\t\t<div class=\"elementor-container elementor-column-gap-default\">\n\t\t\t\t\t<div class=\"elementor-column elementor-col-50 elementor-top-column elementor-element elementor-element-1e748c29\" data-id=\"1e748c29\" data-element_type=\"column\">\n\t\t\t<div class=\"elementor-widget-wrap elementor-element-populated\">\n\t\t\t\t\t\t<div class=\"elementor-element elementor-element-58520805 elementor-widget__width-initial elementor-widget elementor-widget-qi_addons_for_elementor_section_title\" data-id=\"58520805\" data-element_type=\"widget\" data-widget_type=\"qi_addons_for_elementor_section_title.default\">\n\t\t\t\t<div class=\"elementor-widget-container\">\n\t\t\t\t\t<div class=\"qodef-shortcode qodef-m qodef-qi-section-title qodef-decoration--italic qodef-link--underline-draw qodef-subtitle-icon--left\">\n\t\t\t\t\t\t<h1 class=\"qodef-m-title\">\n\t\tNie chodzi o udawanie, \u017ce nic si\u0119 nie sta\u0142o.\t<\/h1>\n\t\t\t<div class=\"qodef-m-text\"><p>Nie chodzi o pogodzenie si\u0119 \u201edla \u015bwi\u0119tego spokoju\u201d.<br \/>Chodzi o prawdziw\u0105 wewn\u0119trzn\u0105 wolno\u015b\u0107 \u2014 odzyskanie siebie. Radykalne Wybaczanie pozwala zdj\u0105\u0107 z serca ci\u0119\u017car przesz\u0142o\u015bci, ten kt\u00f3ry hamuje tw\u00f3j oddech, odbieraj\u0105c rado\u015b\u0107 i zatrzymuj\u0105c przed p\u00f3j\u015bciem na prz\u00f3d.<\/p><\/div>\n\t<\/div>\n\t\t\t\t<\/div>\n\t\t\t\t<\/div>\n\t\t\t\t\t<\/div>\n\t\t<\/div>\n\t\t\t\t<div class=\"elementor-column elementor-col-50 elementor-top-column elementor-element elementor-element-286bc285\" data-id=\"286bc285\" data-element_type=\"column\">\n\t\t\t<div class=\"elementor-widget-wrap elementor-element-populated\">\n\t\t\t\t\t\t<section class=\"elementor-section elementor-inner-section elementor-element elementor-element-51b48921 elementor-section-full_width elementor-section-height-default elementor-section-height-default qodef-elementor-content-no\" data-id=\"51b48921\" data-element_type=\"section\">\n\t\t\t\t\t\t<div class=\"elementor-container elementor-column-gap-default\">\n\t\t\t\t\t<div class=\"elementor-column elementor-col-33 elementor-inner-column elementor-element elementor-element-7fc959b2\" data-id=\"7fc959b2\" data-element_type=\"column\">\n\t\t\t<div class=\"elementor-widget-wrap elementor-element-populated\">\n\t\t\t\t\t\t<div class=\"elementor-element elementor-element-c6ced9b elementor-widget__width-auto elementor-widget elementor-widget-image\" data-id=\"c6ced9b\" data-element_type=\"widget\" data-widget_type=\"image.default\">\n\t\t\t\t\t\t\t\t\t\t\t\t\t\t\t\t<a href=\"https:\/\/monikamacioszek.pl\/team\/\">\n\t\t\t\t\t\t\t<img fetchpriority=\"high\" decoding=\"async\" width=\"1653\" height=\"2480\" src=\"https:\/\/monikamacioszek.pl\/wp-content\/uploads\/2025\/11\/WEB_13681-25.8-Monika-Macioszczyk-Radykale-wybaczanie.jpg\" class=\"attachment-full size-full wp-image-3134\" alt=\"\" srcset=\"https:\/\/monikamacioszek.pl\/wp-content\/uploads\/2025\/11\/WEB_13681-25.8-Monika-Macioszczyk-Radykale-wybaczanie.jpg 1653w, https:\/\/monikamacioszek.pl\/wp-content\/uploads\/2025\/11\/WEB_13681-25.8-Monika-Macioszczyk-Radykale-wybaczanie-200x300.jpg 200w, https:\/\/monikamacioszek.pl\/wp-content\/uploads\/2025\/11\/WEB_13681-25.8-Monika-Macioszczyk-Radykale-wybaczanie-683x1024.jpg 683w, https:\/\/monikamacioszek.pl\/wp-content\/uploads\/2025\/11\/WEB_13681-25.8-Monika-Macioszczyk-Radykale-wybaczanie-768x1152.jpg 768w, https:\/\/monikamacioszek.pl\/wp-content\/uploads\/2025\/11\/WEB_13681-25.8-Monika-Macioszczyk-Radykale-wybaczanie-1024x1536.jpg 1024w, https:\/\/monikamacioszek.pl\/wp-content\/uploads\/2025\/11\/WEB_13681-25.8-Monika-Macioszczyk-Radykale-wybaczanie-1365x2048.jpg 1365w\" sizes=\"(max-width: 1653px) 100vw, 1653px\" \/>\t\t\t\t\t\t\t\t<\/a>\n\t\t\t\t\t\t\t\t\t\t\t\t\t\t\t<\/div>\n\t\t\t\t\t<\/div>\n\t\t<\/div>\n\t\t\t\t<div class=\"elementor-column elementor-col-33 elementor-inner-column elementor-element elementor-element-28257184\" data-id=\"28257184\" data-element_type=\"column\" data-settings=\"{&quot;background_background&quot;:&quot;classic&quot;}\">\n\t\t\t<div class=\"elementor-widget-wrap elementor-element-populated\">\n\t\t\t\t\t\t<div class=\"elementor-element elementor-element-554bd6bb elementor-widget elementor-widget-heading\" data-id=\"554bd6bb\" data-element_type=\"widget\" data-widget_type=\"heading.default\">\n\t\t\t\t\t<h3 class=\"elementor-heading-title elementor-size-default\"><a href=\"#\">Wolno\u015b\u0107<\/a><\/h3>\t\t\t\t<\/div>\n\t\t\t\t\t<\/div>\n\t\t<\/div>\n\t\t\t\t<div class=\"elementor-column elementor-col-33 elementor-inner-column elementor-element elementor-element-7e31cbed\" data-id=\"7e31cbed\" data-element_type=\"column\">\n\t\t\t<div class=\"elementor-widget-wrap\">\n\t\t\t\t\t\t\t<\/div>\n\t\t<\/div>\n\t\t\t\t\t<\/div>\n\t\t<\/section>\n\t\t\t\t<section class=\"elementor-section elementor-inner-section elementor-element elementor-element-65c34bab elementor-section-boxed elementor-section-height-default elementor-section-height-default qodef-elementor-content-no\" data-id=\"65c34bab\" data-element_type=\"section\">\n\t\t\t\t\t\t<div class=\"elementor-container elementor-column-gap-default\">\n\t\t\t\t\t<div class=\"elementor-column elementor-col-33 elementor-inner-column elementor-element elementor-element-5c841cf3\" data-id=\"5c841cf3\" data-element_type=\"column\">\n\t\t\t<div class=\"elementor-widget-wrap elementor-element-populated\">\n\t\t\t\t\t\t<div class=\"elementor-element elementor-element-dbd4965 elementor-widget elementor-widget-heading\" data-id=\"dbd4965\" data-element_type=\"widget\" data-widget_type=\"heading.default\">\n\t\t\t\t\t<h3 class=\"elementor-heading-title elementor-size-default\"><a href=\"#\">Zrozumienie<\/a><\/h3>\t\t\t\t<\/div>\n\t\t\t\t\t<\/div>\n\t\t<\/div>\n\t\t\t\t<div class=\"elementor-column elementor-col-33 elementor-inner-column elementor-element elementor-element-35562051\" data-id=\"35562051\" data-element_type=\"column\" data-settings=\"{&quot;background_background&quot;:&quot;classic&quot;}\">\n\t\t\t<div class=\"elementor-widget-wrap elementor-element-populated\">\n\t\t\t\t\t\t<div class=\"elementor-element elementor-element-82af703 elementor-widget elementor-widget-heading\" data-id=\"82af703\" data-element_type=\"widget\" data-widget_type=\"heading.default\">\n\t\t\t\t\t<h3 class=\"elementor-heading-title elementor-size-default\"><a href=\"#\">Uzdrowienie<\/a><\/h3>\t\t\t\t<\/div>\n\t\t\t\t\t<\/div>\n\t\t<\/div>\n\t\t\t\t<div class=\"elementor-column elementor-col-33 elementor-inner-column elementor-element elementor-element-1ddd01d1\" data-id=\"1ddd01d1\" data-element_type=\"column\" data-settings=\"{&quot;background_background&quot;:&quot;classic&quot;}\">\n\t\t\t<div class=\"elementor-widget-wrap elementor-element-populated\">\n\t\t\t\t\t\t<div class=\"elementor-element elementor-element-35605513 elementor-widget elementor-widget-image\" data-id=\"35605513\" data-element_type=\"widget\" data-widget_type=\"image.default\">\n\t\t\t\t\t\t\t\t\t\t\t\t\t\t\t\t<a href=\"https:\/\/monikamacioszek.pl\/team\/\">\n\t\t\t\t\t\t\t<img decoding=\"async\" width=\"683\" height=\"1024\" src=\"https:\/\/monikamacioszek.pl\/wp-content\/uploads\/2025\/11\/WEB_16911-25.8-Monika-Macioszczyk-Radykale-wybaczanie-683x1024.jpg\" class=\"attachment-large size-large wp-image-3043\" alt=\"\" srcset=\"https:\/\/monikamacioszek.pl\/wp-content\/uploads\/2025\/11\/WEB_16911-25.8-Monika-Macioszczyk-Radykale-wybaczanie-683x1024.jpg 683w, https:\/\/monikamacioszek.pl\/wp-content\/uploads\/2025\/11\/WEB_16911-25.8-Monika-Macioszczyk-Radykale-wybaczanie-200x300.jpg 200w, https:\/\/monikamacioszek.pl\/wp-content\/uploads\/2025\/11\/WEB_16911-25.8-Monika-Macioszczyk-Radykale-wybaczanie-768x1152.jpg 768w, https:\/\/monikamacioszek.pl\/wp-content\/uploads\/2025\/11\/WEB_16911-25.8-Monika-Macioszczyk-Radykale-wybaczanie-1024x1536.jpg 1024w, https:\/\/monikamacioszek.pl\/wp-content\/uploads\/2025\/11\/WEB_16911-25.8-Monika-Macioszczyk-Radykale-wybaczanie-1365x2048.jpg 1365w, https:\/\/monikamacioszek.pl\/wp-content\/uploads\/2025\/11\/WEB_16911-25.8-Monika-Macioszczyk-Radykale-wybaczanie.jpg 1653w\" sizes=\"(max-width: 683px) 100vw, 683px\" \/>\t\t\t\t\t\t\t\t<\/a>\n\t\t\t\t\t\t\t\t\t\t\t\t\t\t\t<\/div>\n\t\t\t\t\t<\/div>\n\t\t<\/div>\n\t\t\t\t\t<\/div>\n\t\t<\/section>\n\t\t\t\t<section class=\"elementor-section elementor-inner-section elementor-element elementor-element-25efe37c elementor-section-boxed elementor-section-height-default elementor-section-height-default qodef-elementor-content-no\" data-id=\"25efe37c\" data-element_type=\"section\">\n\t\t\t\t\t\t<div class=\"elementor-container elementor-column-gap-default\">\n\t\t\t\t\t<div class=\"elementor-column elementor-col-33 elementor-inner-column elementor-element elementor-element-76bcc8d8\" data-id=\"76bcc8d8\" data-element_type=\"column\" data-settings=\"{&quot;background_background&quot;:&quot;classic&quot;}\">\n\t\t\t<div class=\"elementor-widget-wrap\">\n\t\t\t\t\t\t\t<\/div>\n\t\t<\/div>\n\t\t\t\t<div class=\"elementor-column elementor-col-33 elementor-inner-column elementor-element elementor-element-3dd656ae\" data-id=\"3dd656ae\" data-element_type=\"column\">\n\t\t\t<div class=\"elementor-widget-wrap elementor-element-populated\">\n\t\t\t\t\t\t<div class=\"elementor-element elementor-element-45eb55a elementor-widget elementor-widget-image\" data-id=\"45eb55a\" data-element_type=\"widget\" data-widget_type=\"image.default\">\n\t\t\t\t\t\t\t\t\t\t\t\t\t\t\t\t<a href=\"https:\/\/monikamacioszek.pl\/team\/\">\n\t\t\t\t\t\t\t<img decoding=\"async\" width=\"683\" height=\"1024\" src=\"https:\/\/monikamacioszek.pl\/wp-content\/uploads\/2025\/11\/WEB_16541-25.8-Monika-Macioszczyk-Radykale-wybaczanie-683x1024.jpg\" class=\"attachment-large size-large wp-image-3044\" alt=\"\" srcset=\"https:\/\/monikamacioszek.pl\/wp-content\/uploads\/2025\/11\/WEB_16541-25.8-Monika-Macioszczyk-Radykale-wybaczanie-683x1024.jpg 683w, https:\/\/monikamacioszek.pl\/wp-content\/uploads\/2025\/11\/WEB_16541-25.8-Monika-Macioszczyk-Radykale-wybaczanie-200x300.jpg 200w, https:\/\/monikamacioszek.pl\/wp-content\/uploads\/2025\/11\/WEB_16541-25.8-Monika-Macioszczyk-Radykale-wybaczanie-768x1152.jpg 768w, https:\/\/monikamacioszek.pl\/wp-content\/uploads\/2025\/11\/WEB_16541-25.8-Monika-Macioszczyk-Radykale-wybaczanie-1024x1536.jpg 1024w, https:\/\/monikamacioszek.pl\/wp-content\/uploads\/2025\/11\/WEB_16541-25.8-Monika-Macioszczyk-Radykale-wybaczanie-1365x2048.jpg 1365w, https:\/\/monikamacioszek.pl\/wp-content\/uploads\/2025\/11\/WEB_16541-25.8-Monika-Macioszczyk-Radykale-wybaczanie.jpg 1653w\" sizes=\"(max-width: 683px) 100vw, 683px\" \/>\t\t\t\t\t\t\t\t<\/a>\n\t\t\t\t\t\t\t\t\t\t\t\t\t\t\t<\/div>\n\t\t\t\t\t<\/div>\n\t\t<\/div>\n\t\t\t\t<div class=\"elementor-column elementor-col-33 elementor-inner-column elementor-element elementor-element-7931975c\" data-id=\"7931975c\" data-element_type=\"column\" data-settings=\"{&quot;background_background&quot;:&quot;classic&quot;}\">\n\t\t\t<div class=\"elementor-widget-wrap elementor-element-populated\">\n\t\t\t\t\t\t<div class=\"elementor-element elementor-element-14f3d20 elementor-widget elementor-widget-heading\" data-id=\"14f3d20\" data-element_type=\"widget\" data-widget_type=\"heading.default\">\n\t\t\t\t\t<h3 class=\"elementor-heading-title elementor-size-default\"><a href=\"#\">Energia<\/a><\/h3>\t\t\t\t<\/div>\n\t\t\t\t\t<\/div>\n\t\t<\/div>\n\t\t\t\t\t<\/div>\n\t\t<\/section>\n\t\t\t\t\t<\/div>\n\t\t<\/div>\n\t\t\t\t\t<\/div>\n\t\t<\/section>\n\t\t<div class=\"elementor-element elementor-element-417ea00 e-flex e-con-boxed qodef-elementor-content-no e-con e-parent\" data-id=\"417ea00\" data-element_type=\"container\" data-settings=\"{&quot;background_background&quot;:&quot;classic&quot;}\">\n\t\t\t\t\t<div class=\"e-con-inner\">\n\t\t\t\t<div class=\"elementor-element elementor-element-d82563f elementor-widget__width-initial elementor-widget-mobile__width-inherit elementor-widget elementor-widget-qi_addons_for_elementor_section_title\" data-id=\"d82563f\" data-element_type=\"widget\" data-widget_type=\"qi_addons_for_elementor_section_title.default\">\n\t\t\t\t<div class=\"elementor-widget-container\">\n\t\t\t\t\t<div class=\"qodef-shortcode qodef-m qodef-qi-section-title qodef-decoration--italic qodef-link--underline-draw qodef-subtitle-icon--left\">\n\t\t\t\t\t\t<h1 class=\"qodef-m-title\">\n\t\tCo daje Radykalne Wybaczanie?\t<\/h1>\n\t\t\t<\/div>\n\t\t\t\t<\/div>\n\t\t\t\t<\/div>\n\t\t\t\t\t<\/div>\n\t\t\t\t<\/div>\n\t\t\t\t<section class=\"elementor-section elementor-top-section elementor-element elementor-element-6311fc07 elementor-section-full_width elementor-section-height-default elementor-section-height-default qodef-elementor-content-no\" data-id=\"6311fc07\" data-element_type=\"section\" data-settings=\"{&quot;background_background&quot;:&quot;classic&quot;}\">\n\t\t\t\t\t\t<div class=\"elementor-container elementor-column-gap-default\">\n\t\t\t\t\t<div class=\"elementor-column elementor-col-50 elementor-top-column elementor-element elementor-element-61ffb862\" data-id=\"61ffb862\" data-element_type=\"column\">\n\t\t\t<div class=\"elementor-widget-wrap elementor-element-populated\">\n\t\t\t\t\t\t<div class=\"elementor-element elementor-element-52071046 elementor-widget__width-initial elementor-widget elementor-widget-qi_addons_for_elementor_section_title\" data-id=\"52071046\" data-element_type=\"widget\" data-widget_type=\"qi_addons_for_elementor_section_title.default\">\n\t\t\t\t<div class=\"elementor-widget-container\">\n\t\t\t\t\t<div class=\"qodef-shortcode qodef-m qodef-qi-section-title qodef-decoration--italic qodef-link--underline-draw qodef-subtitle-icon--left\">\n\t\t\t\t\t\t\t\t<div class=\"qodef-m-text\"><h3><b>Uzdrawianie Relacji<\/b><\/h3><p>Zmieniasz spos\u00f3b, w jaki patrzysz na innych i na siebie. Przestajesz walczy\u0107 \u2014 zaczynasz widzie\u0107 g\u0142\u0119bi\u0119 i sens ka\u017cdej relacji.<\/p><p>\u00a0<\/p><h3><b>Transformacja Przekona\u0144<\/b><\/h3><p>Przepisujesz stare programy, kt\u00f3re blokowa\u0142y Twoj\u0105 moc i pewno\u015b\u0107 siebie. W ich miejsce pojawia si\u0119 zaufanie do siebie i \u017cycia.<\/p><\/div>\n\t<\/div>\n\t\t\t\t<\/div>\n\t\t\t\t<\/div>\n\t\t\t\t\t<\/div>\n\t\t<\/div>\n\t\t\t\t<div class=\"elementor-column elementor-col-50 elementor-top-column elementor-element elementor-element-4fdc4ab\" data-id=\"4fdc4ab\" data-element_type=\"column\">\n\t\t\t<div class=\"elementor-widget-wrap elementor-element-populated\">\n\t\t\t\t\t\t<div class=\"elementor-element elementor-element-4fa58f9c elementor-widget__width-initial elementor-widget elementor-widget-qi_addons_for_elementor_section_title\" data-id=\"4fa58f9c\" data-element_type=\"widget\" data-widget_type=\"qi_addons_for_elementor_section_title.default\">\n\t\t\t\t<div class=\"elementor-widget-container\">\n\t\t\t\t\t<div class=\"qodef-shortcode qodef-m qodef-qi-section-title qodef-decoration--italic qodef-link--underline-draw qodef-subtitle-icon--left\">\n\t\t\t\t\t\t\t\t<div class=\"qodef-m-text\"><h3><b>Odzyskanie Energii i Rado\u015bci<\/b><\/h3><p>Energia wraca do Ciebie, zamiast p\u0142yn\u0105\u0107 do dawnych historii. Czujesz wi\u0119ksz\u0105 obecno\u015b\u0107, pe\u0142ni\u0119 i gotowo\u015b\u0107 do nowych do\u015bwiadcze\u0144.<\/p><p>\u00a0<\/p><h3><b>Wewn\u0119trzn\u0105 Wolno\u015b\u0107<\/b><\/h3><p>Uwalniasz napi\u0119cia i emocje, kt\u00f3re trzyma\u0142y Ci\u0119 w przesz\u0142o\u015bci. Odkrywasz lekko\u015b\u0107 i spok\u00f3j.<\/p><\/div>\n\t<\/div>\n\t\t\t\t<\/div>\n\t\t\t\t<\/div>\n\t\t\t\t<div class=\"elementor-element elementor-element-83230b6 elementor-widget__width-inherit elementor-widget-mobile__width-inherit elementor-widget elementor-widget-qi_addons_for_elementor_section_title\" data-id=\"83230b6\" data-element_type=\"widget\" data-widget_type=\"qi_addons_for_elementor_section_title.default\">\n\t\t\t\t<div class=\"elementor-widget-container\">\n\t\t\t\t\t<div class=\"qodef-shortcode qodef-m qodef-qi-section-title qodef-decoration--italic qodef-link--underline-draw qodef-subtitle-icon--left\">\n\t\t\t\t\t\t\t\t\t<div class=\"qodef-m-button qodef-qi-clear\">\n\t\t<a class=\"qodef-shortcode qodef-m qodef-qi-button qodef-html--link qodef-layout--outlined qodef-type--standard qodef-icon--right qodef-hover--icon-move-diagonal\" href=\"https:\/\/monikamacioszek.pl\/?page_id=872\" target=\"_self\">\t<span class=\"qodef-m-text\">Um\u00f3w si\u0119 na sesj\u0119<\/span>\t\t<span class=\"qodef-m-icon\">\t\t<span class=\"qodef-m-icon-inner\">\t\t\t<svg xmlns=\"http:\/\/www.w3.org\/2000\/svg\" viewBox=\"0 0 8.89 8.89\" style=\"stroke: transparent;\"><title>arrow-up-right<\/title><path d=\"M8.73.27h0A.74.74,0,0,0,8.51.12h0A.61.61,0,0,0,8.16.06H.8a.74.74,0,0,0,0,1.48H6.4L.27,7.67A.75.75,0,0,0,.79,8.94a.79.79,0,0,0,.53-.22L7.47,2.57V8.2A.74.74,0,0,0,9,8.2V.8A.77.77,0,0,0,8.73.27Z\" transform=\"translate(-0.05 -0.06)\"><\/path><\/svg>\t\t\t\t\t\t\t<svg xmlns=\"http:\/\/www.w3.org\/2000\/svg\" viewBox=\"0 0 8.89 8.89\" style=\"stroke: transparent;\"><title>arrow-up-right<\/title><path d=\"M8.73.27h0A.74.74,0,0,0,8.51.12h0A.61.61,0,0,0,8.16.06H.8a.74.74,0,0,0,0,1.48H6.4L.27,7.67A.75.75,0,0,0,.79,8.94a.79.79,0,0,0,.53-.22L7.47,2.57V8.2A.74.74,0,0,0,9,8.2V.8A.77.77,0,0,0,8.73.27Z\" transform=\"translate(-0.05 -0.06)\"><\/path><\/svg>\t\t\t\t\t<\/span>\t<\/span><\/a>\t<\/div>\n<\/div>\n\t\t\t\t<\/div>\n\t\t\t\t<\/div>\n\t\t\t\t\t<\/div>\n\t\t<\/div>\n\t\t\t\t\t<\/div>\n\t\t<\/section>\n\t\t<div class=\"elementor-element elementor-element-24c20a6c e-flex e-con-boxed qodef-elementor-content-no e-con e-parent\" data-id=\"24c20a6c\" data-element_type=\"container\">\n\t\t\t\t\t<div class=\"e-con-inner\">\n\t\t\t\t\t<\/div>\n\t\t\t\t<\/div>\n\t\t\t\t<\/div>\n\t\t","protected":false},"excerpt":{"rendered":"<p>Radykalne Wybaczanie Ka\u017cdy z nas niesie w sobie historie, kt\u00f3re bol\u0105. Zranienia, rozczarowania, niespe\u0142nione obietnice. Czasem pr\u00f3bujemy o nich zapomnie\u0107\u2026 ale one nadal \u017cyj\u0105 w naszym ciele i w reakcjach na \u015bwiat. Um\u00f3w si\u0119 na sesj\u0119 arrow-up-right arrow-up-right Uwolnienie przesz\u0142o\u015bci. Odzyskanie wolno\u015bci. Nie chodzi o udawanie, \u017ce nic si\u0119 nie sta\u0142o. Nie chodzi o pogodzenie [&hellip;]<\/p>\n","protected":false},"author":1,"featured_media":3127,"parent":0,"menu_order":0,"comment_status":"closed","ping_status":"closed","template":"qi-full-width.php","meta":{"footnotes":""},"class_list":["post-631","page","type-page","status-publish","has-post-thumbnail","hentry"],"_links":{"self":[{"href":"https:\/\/monikamacioszek.pl\/index.php?rest_route=\/wp\/v2\/pages\/631","targetHints":{"allow":["GET"]}}],"collection":[{"href":"https:\/\/monikamacioszek.pl\/index.php?rest_route=\/wp\/v2\/pages"}],"about":[{"href":"https:\/\/monikamacioszek.pl\/index.php?rest_route=\/wp\/v2\/types\/page"}],"author":[{"embeddable":true,"href":"https:\/\/monikamacioszek.pl\/index.php?rest_route=\/wp\/v2\/users\/1"}],"replies":[{"embeddable":true,"href":"https:\/\/monikamacioszek.pl\/index.php?rest_route=%2Fwp%2Fv2%2Fcomments&post=631"}],"version-history":[{"count":39,"href":"https:\/\/monikamacioszek.pl\/index.php?rest_route=\/wp\/v2\/pages\/631\/revisions"}],"predecessor-version":[{"id":3226,"href":"https:\/\/monikamacioszek.pl\/index.php?rest_route=\/wp\/v2\/pages\/631\/revisions\/3226"}],"wp:featuredmedia":[{"embeddable":true,"href":"https:\/\/monikamacioszek.pl\/index.php?rest_route=\/wp\/v2\/media\/3127"}],"wp:attachment":[{"href":"https:\/\/monikamacioszek.pl\/index.php?rest_route=%2Fwp%2Fv2%2Fmedia&parent=631"}],"curies":[{"name":"wp","href":"https:\/\/api.w.org\/{rel}","templated":true}]}}