{"id":2924,"date":"2022-01-17T11:25:42","date_gmt":"2022-01-17T11:25:42","guid":{"rendered":"https:\/\/qi4.qodeinteractive.com\/?page_id=2924"},"modified":"2026-04-27T20:58:14","modified_gmt":"2026-04-27T18:58:14","slug":"home-new","status":"publish","type":"page","link":"https:\/\/monikamacioszek.pl\/?page_id=2924","title":{"rendered":"Numerologia"},"content":{"rendered":"\t\t<div data-elementor-type=\"wp-page\" data-elementor-id=\"2924\" class=\"elementor elementor-2924\">\n\t\t\t\t\t\t<section class=\"elementor-section elementor-top-section elementor-element elementor-element-56f85561 elementor-section-full_width elementor-section-height-full elementor-section-items-stretch elementor-section-content-middle elementor-section-height-default qodef-elementor-content-no\" data-id=\"56f85561\" data-element_type=\"section\">\n\t\t\t\t\t\t<div class=\"elementor-container elementor-column-gap-default\">\n\t\t\t\t\t<div class=\"elementor-column elementor-col-50 elementor-top-column elementor-element elementor-element-204f2fb0\" data-id=\"204f2fb0\" data-element_type=\"column\" data-settings=\"{&quot;background_background&quot;:&quot;classic&quot;}\">\n\t\t\t<div class=\"elementor-widget-wrap elementor-element-populated\">\n\t\t\t\t\t\t<div class=\"elementor-element elementor-element-89dc9a2 elementor-widget-tablet__width-auto elementor-widget elementor-widget-spacer\" data-id=\"89dc9a2\" data-element_type=\"widget\" data-widget_type=\"spacer.default\">\n\t\t\t\t\t\t\t<div class=\"elementor-spacer\">\n\t\t\t<div class=\"elementor-spacer-inner\"><\/div>\n\t\t<\/div>\n\t\t\t\t\t\t<\/div>\n\t\t\t\t\t<\/div>\n\t\t<\/div>\n\t\t\t\t<div class=\"elementor-column elementor-col-50 elementor-top-column elementor-element elementor-element-236ecc93\" data-id=\"236ecc93\" data-element_type=\"column\">\n\t\t\t<div class=\"elementor-widget-wrap elementor-element-populated\">\n\t\t\t\t\t\t<section class=\"elementor-section elementor-inner-section elementor-element elementor-element-712ac016 elementor-section-full_width elementor-section-height-default elementor-section-height-default qodef-elementor-content-no\" data-id=\"712ac016\" data-element_type=\"section\">\n\t\t\t\t\t\t<div class=\"elementor-container elementor-column-gap-default\">\n\t\t\t\t\t<div class=\"elementor-column elementor-col-100 elementor-inner-column elementor-element elementor-element-42bdc755\" data-id=\"42bdc755\" data-element_type=\"column\">\n\t\t\t<div class=\"elementor-widget-wrap elementor-element-populated\">\n\t\t\t\t\t\t<div class=\"elementor-element elementor-element-4f98647 elementor-widget__width-initial elementor-widget-mobile__width-inherit elementor-widget elementor-widget-qi_addons_for_elementor_section_title\" data-id=\"4f98647\" data-element_type=\"widget\" data-widget_type=\"qi_addons_for_elementor_section_title.default\">\n\t\t\t\t<div class=\"elementor-widget-container\">\n\t\t\t\t\t<div class=\"qodef-shortcode qodef-m qodef-qi-section-title qodef-decoration--italic qodef-link--underline-draw qodef-subtitle-icon--left\">\n\t\t\t\t\t\t<h1 class=\"qodef-m-title\">\n\t\tNumerologia\t<\/h1>\n\t\t\t<div class=\"qodef-m-text\"><p>to staro\u017cytna sztuka odczytywania energii liczb \u2014 ale przede wszystkim narz\u0119dzie samopoznania. Twoja data urodzenia, imi\u0119 i nazwisko nie s\u0105 przypadkowe. Ka\u017cda liczba niesie okre\u015blon\u0105 jako\u015b\u0107, kt\u00f3ra wp\u0142ywa na Twoje \u017cycie.<\/p><\/div>\n\t\t<div class=\"qodef-m-button qodef-qi-clear\">\n\t\t<a class=\"qodef-shortcode qodef-m qodef-qi-button qodef-html--link qodef-layout--outlined qodef-type--standard qodef-icon--right qodef-hover--icon-move-diagonal\" href=\"https:\/\/monikamacioszek.pl\/?page_id=872\" target=\"_self\">\t<span class=\"qodef-m-text\">Um\u00f3w si\u0119 na sesj\u0119<\/span>\t\t<span class=\"qodef-m-icon\">\t\t<span class=\"qodef-m-icon-inner\">\t\t\t<svg xmlns=\"http:\/\/www.w3.org\/2000\/svg\" viewBox=\"0 0 8.89 8.89\" style=\"stroke: transparent;\"><title>arrow-up-right<\/title><path d=\"M8.73.27h0A.74.74,0,0,0,8.51.12h0A.61.61,0,0,0,8.16.06H.8a.74.74,0,0,0,0,1.48H6.4L.27,7.67A.75.75,0,0,0,.79,8.94a.79.79,0,0,0,.53-.22L7.47,2.57V8.2A.74.74,0,0,0,9,8.2V.8A.77.77,0,0,0,8.73.27Z\" transform=\"translate(-0.05 -0.06)\"><\/path><\/svg>\t\t\t\t\t\t\t<svg xmlns=\"http:\/\/www.w3.org\/2000\/svg\" viewBox=\"0 0 8.89 8.89\" style=\"stroke: transparent;\"><title>arrow-up-right<\/title><path d=\"M8.73.27h0A.74.74,0,0,0,8.51.12h0A.61.61,0,0,0,8.16.06H.8a.74.74,0,0,0,0,1.48H6.4L.27,7.67A.75.75,0,0,0,.79,8.94a.79.79,0,0,0,.53-.22L7.47,2.57V8.2A.74.74,0,0,0,9,8.2V.8A.77.77,0,0,0,8.73.27Z\" transform=\"translate(-0.05 -0.06)\"><\/path><\/svg>\t\t\t\t\t<\/span>\t<\/span><\/a>\t<\/div>\n<\/div>\n\t\t\t\t<\/div>\n\t\t\t\t<\/div>\n\t\t\t\t\t<\/div>\n\t\t<\/div>\n\t\t\t\t\t<\/div>\n\t\t<\/section>\n\t\t\t\t<section class=\"elementor-section elementor-inner-section elementor-element elementor-element-2b5026c2 elementor-section-content-bottom elementor-section-full_width elementor-section-height-default elementor-section-height-default qodef-elementor-content-no\" data-id=\"2b5026c2\" data-element_type=\"section\" data-settings=\"{&quot;background_background&quot;:&quot;classic&quot;}\">\n\t\t\t\t\t\t<div class=\"elementor-container elementor-column-gap-default\">\n\t\t\t\t\t<div class=\"elementor-column elementor-col-100 elementor-inner-column elementor-element elementor-element-1b4e0085\" data-id=\"1b4e0085\" data-element_type=\"column\" data-settings=\"{&quot;background_background&quot;:&quot;classic&quot;}\">\n\t\t\t<div class=\"elementor-widget-wrap elementor-element-populated\">\n\t\t\t\t\t\t<div class=\"elementor-element elementor-element-537fc68 elementor-widget elementor-widget-qi_addons_for_elementor_message_box\" data-id=\"537fc68\" data-element_type=\"widget\" data-widget_type=\"qi_addons_for_elementor_message_box.default\">\n\t\t\t\t<div class=\"elementor-widget-container\">\n\t\t\t\t\t<div class=\"qodef-shortcode qodef-m qodef-qi-message-box qodef-icon--top\">\n\t\t<span class=\"qodef-m-icon\">\n\t\t<svg aria-hidden=\"true\" class=\"e-font-icon-svg e-fas-map-marker\" viewBox=\"0 0 384 512\" xmlns=\"http:\/\/www.w3.org\/2000\/svg\"><path d=\"M172.268 501.67C26.97 291.031 0 269.413 0 192 0 85.961 85.961 0 192 0s192 85.961 192 192c0 77.413-26.97 99.031-172.268 309.67-9.535 13.774-29.93 13.773-39.464 0z\"><\/path><\/svg>\t<\/span>\n\t<div>\n\t\t\t\t\t<p class=\"qodef-m-text\">\n\t\tMapa Twojej Duszy. Kod Twojego \u017cycia.\t<\/p>\n\t<\/div>\n\t\t<span class=\"qodef-m-close-icon\">\n\t\t\t<\/span>\n<\/div>\n\t\t\t\t<\/div>\n\t\t\t\t<\/div>\n\t\t\t\t\t<\/div>\n\t\t<\/div>\n\t\t\t\t\t<\/div>\n\t\t<\/section>\n\t\t\t\t\t<\/div>\n\t\t<\/div>\n\t\t\t\t\t<\/div>\n\t\t<\/section>\n\t\t\t\t<section class=\"elementor-section elementor-top-section elementor-element elementor-element-90e5d9e elementor-section-full_width elementor-section-height-default elementor-section-height-default qodef-elementor-content-no\" data-id=\"90e5d9e\" data-element_type=\"section\">\n\t\t\t\t\t\t<div class=\"elementor-container elementor-column-gap-default\">\n\t\t\t\t\t<div class=\"elementor-column elementor-col-50 elementor-top-column elementor-element elementor-element-9c93d16\" data-id=\"9c93d16\" data-element_type=\"column\">\n\t\t\t<div class=\"elementor-widget-wrap elementor-element-populated\">\n\t\t\t\t\t\t<div class=\"elementor-element elementor-element-895b398 elementor-widget__width-initial elementor-widget elementor-widget-qi_addons_for_elementor_section_title\" data-id=\"895b398\" data-element_type=\"widget\" data-widget_type=\"qi_addons_for_elementor_section_title.default\">\n\t\t\t\t<div class=\"elementor-widget-container\">\n\t\t\t\t\t<div class=\"qodef-shortcode qodef-m qodef-qi-section-title qodef-decoration--italic qodef-link--underline-draw qodef-subtitle-icon--left\">\n\t\t\t\t\t\t<h1 class=\"qodef-m-title\">\n\t\tNumerologia nie przewiduje przysz\u0142o\u015bci \t<\/h1>\n\t\t\t<div class=\"qodef-m-text\"><p>\u2014 ona pomaga Ci zrozumie\u0107 dlaczego pewne rzeczy dziej\u0105 si\u0119 w\u0142a\u015bnie tak i co mo\u017cesz zrobi\u0107, by do\u015bwiadcza\u0107 \u017cycia bardziej \u015bwiadomie.\u00a0<\/p><\/div>\n\t<\/div>\n\t\t\t\t<\/div>\n\t\t\t\t<\/div>\n\t\t\t\t\t<\/div>\n\t\t<\/div>\n\t\t\t\t<div class=\"elementor-column elementor-col-50 elementor-top-column elementor-element elementor-element-d863c7a\" data-id=\"d863c7a\" data-element_type=\"column\">\n\t\t\t<div class=\"elementor-widget-wrap elementor-element-populated\">\n\t\t\t\t\t\t<section class=\"elementor-section elementor-inner-section elementor-element elementor-element-88b3686 elementor-section-full_width elementor-section-height-default elementor-section-height-default qodef-elementor-content-no\" data-id=\"88b3686\" data-element_type=\"section\">\n\t\t\t\t\t\t<div class=\"elementor-container elementor-column-gap-default\">\n\t\t\t\t\t<div class=\"elementor-column elementor-col-33 elementor-inner-column elementor-element elementor-element-b5465fc\" data-id=\"b5465fc\" data-element_type=\"column\">\n\t\t\t<div class=\"elementor-widget-wrap\">\n\t\t\t\t\t\t\t<\/div>\n\t\t<\/div>\n\t\t\t\t<div class=\"elementor-column elementor-col-33 elementor-inner-column elementor-element elementor-element-d8a72b6\" data-id=\"d8a72b6\" data-element_type=\"column\" data-settings=\"{&quot;background_background&quot;:&quot;classic&quot;}\">\n\t\t\t<div class=\"elementor-widget-wrap elementor-element-populated\">\n\t\t\t\t\t\t<div class=\"elementor-element elementor-element-078a1f5 elementor-widget elementor-widget-heading\" data-id=\"078a1f5\" data-element_type=\"widget\" data-widget_type=\"heading.default\">\n\t\t\t\t\t<h3 class=\"elementor-heading-title elementor-size-default\"><a href=\"#\"> Zrozumienie<\/a><\/h3>\t\t\t\t<\/div>\n\t\t\t\t\t<\/div>\n\t\t<\/div>\n\t\t\t\t<div class=\"elementor-column elementor-col-33 elementor-inner-column elementor-element elementor-element-d8e6d2b\" data-id=\"d8e6d2b\" data-element_type=\"column\">\n\t\t\t<div class=\"elementor-widget-wrap elementor-element-populated\">\n\t\t\t\t\t\t<div class=\"elementor-element elementor-element-b747822 elementor-widget__width-auto elementor-widget elementor-widget-image\" data-id=\"b747822\" data-element_type=\"widget\" data-widget_type=\"image.default\">\n\t\t\t\t\t\t\t\t\t\t\t\t\t\t\t\t<a href=\"https:\/\/monikamacioszek.pl\/team\/\">\n\t\t\t\t\t\t\t<img fetchpriority=\"high\" decoding=\"async\" width=\"1653\" height=\"2480\" src=\"https:\/\/monikamacioszek.pl\/wp-content\/uploads\/2025\/11\/WEB_11301-25.8-Monika-Macioszczyk-Radykale-wybaczanie.jpg\" class=\"attachment-full size-full wp-image-3103\" alt=\"\" srcset=\"https:\/\/monikamacioszek.pl\/wp-content\/uploads\/2025\/11\/WEB_11301-25.8-Monika-Macioszczyk-Radykale-wybaczanie.jpg 1653w, https:\/\/monikamacioszek.pl\/wp-content\/uploads\/2025\/11\/WEB_11301-25.8-Monika-Macioszczyk-Radykale-wybaczanie-200x300.jpg 200w, https:\/\/monikamacioszek.pl\/wp-content\/uploads\/2025\/11\/WEB_11301-25.8-Monika-Macioszczyk-Radykale-wybaczanie-683x1024.jpg 683w, https:\/\/monikamacioszek.pl\/wp-content\/uploads\/2025\/11\/WEB_11301-25.8-Monika-Macioszczyk-Radykale-wybaczanie-768x1152.jpg 768w, https:\/\/monikamacioszek.pl\/wp-content\/uploads\/2025\/11\/WEB_11301-25.8-Monika-Macioszczyk-Radykale-wybaczanie-1024x1536.jpg 1024w, https:\/\/monikamacioszek.pl\/wp-content\/uploads\/2025\/11\/WEB_11301-25.8-Monika-Macioszczyk-Radykale-wybaczanie-1365x2048.jpg 1365w\" sizes=\"(max-width: 1653px) 100vw, 1653px\" \/>\t\t\t\t\t\t\t\t<\/a>\n\t\t\t\t\t\t\t\t\t\t\t\t\t\t\t<\/div>\n\t\t\t\t\t<\/div>\n\t\t<\/div>\n\t\t\t\t\t<\/div>\n\t\t<\/section>\n\t\t\t\t<section class=\"elementor-section elementor-inner-section elementor-element elementor-element-560e0e8 elementor-section-boxed elementor-section-height-default elementor-section-height-default qodef-elementor-content-no\" data-id=\"560e0e8\" data-element_type=\"section\">\n\t\t\t\t\t\t<div class=\"elementor-container elementor-column-gap-default\">\n\t\t\t\t\t<div class=\"elementor-column elementor-col-33 elementor-inner-column elementor-element elementor-element-ec8a1ae\" data-id=\"ec8a1ae\" data-element_type=\"column\">\n\t\t\t<div class=\"elementor-widget-wrap elementor-element-populated\">\n\t\t\t\t\t\t<div class=\"elementor-element elementor-element-1b10f43 elementor-widget elementor-widget-image\" data-id=\"1b10f43\" data-element_type=\"widget\" data-widget_type=\"image.default\">\n\t\t\t\t\t\t\t\t\t\t\t\t\t\t\t\t<a href=\"https:\/\/monikamacioszek.pl\/team\/\">\n\t\t\t\t\t\t\t<img decoding=\"async\" width=\"683\" height=\"1024\" src=\"https:\/\/monikamacioszek.pl\/wp-content\/uploads\/2025\/11\/WEB_15881-25.8-Monika-Macioszczyk-Radykale-wybaczanie-683x1024.jpg\" class=\"attachment-large size-large wp-image-3104\" alt=\"\" srcset=\"https:\/\/monikamacioszek.pl\/wp-content\/uploads\/2025\/11\/WEB_15881-25.8-Monika-Macioszczyk-Radykale-wybaczanie-683x1024.jpg 683w, https:\/\/monikamacioszek.pl\/wp-content\/uploads\/2025\/11\/WEB_15881-25.8-Monika-Macioszczyk-Radykale-wybaczanie-200x300.jpg 200w, https:\/\/monikamacioszek.pl\/wp-content\/uploads\/2025\/11\/WEB_15881-25.8-Monika-Macioszczyk-Radykale-wybaczanie-768x1152.jpg 768w, https:\/\/monikamacioszek.pl\/wp-content\/uploads\/2025\/11\/WEB_15881-25.8-Monika-Macioszczyk-Radykale-wybaczanie-1024x1536.jpg 1024w, https:\/\/monikamacioszek.pl\/wp-content\/uploads\/2025\/11\/WEB_15881-25.8-Monika-Macioszczyk-Radykale-wybaczanie-1365x2048.jpg 1365w, https:\/\/monikamacioszek.pl\/wp-content\/uploads\/2025\/11\/WEB_15881-25.8-Monika-Macioszczyk-Radykale-wybaczanie.jpg 1653w\" sizes=\"(max-width: 683px) 100vw, 683px\" \/>\t\t\t\t\t\t\t\t<\/a>\n\t\t\t\t\t\t\t\t\t\t\t\t\t\t\t<\/div>\n\t\t\t\t\t<\/div>\n\t\t<\/div>\n\t\t\t\t<div class=\"elementor-column elementor-col-33 elementor-inner-column elementor-element elementor-element-44bcee9\" data-id=\"44bcee9\" data-element_type=\"column\" data-settings=\"{&quot;background_background&quot;:&quot;classic&quot;}\">\n\t\t\t<div class=\"elementor-widget-wrap elementor-element-populated\">\n\t\t\t\t\t\t<div class=\"elementor-element elementor-element-e678934 elementor-widget elementor-widget-heading\" data-id=\"e678934\" data-element_type=\"widget\" data-widget_type=\"heading.default\">\n\t\t\t\t\t<h3 class=\"elementor-heading-title elementor-size-default\"><a href=\"#\"> Klarowno\u015b\u0107 <\/a><\/h3>\t\t\t\t<\/div>\n\t\t\t\t\t<\/div>\n\t\t<\/div>\n\t\t\t\t<div class=\"elementor-column elementor-col-33 elementor-inner-column elementor-element elementor-element-1e503f7\" data-id=\"1e503f7\" data-element_type=\"column\" data-settings=\"{&quot;background_background&quot;:&quot;classic&quot;}\">\n\t\t\t<div class=\"elementor-widget-wrap elementor-element-populated\">\n\t\t\t\t\t\t<div class=\"elementor-element elementor-element-5ce5fb2 elementor-widget elementor-widget-heading\" data-id=\"5ce5fb2\" data-element_type=\"widget\" data-widget_type=\"heading.default\">\n\t\t\t\t\t<h3 class=\"elementor-heading-title elementor-size-default\"><a href=\"#\">\u015awiadomo\u015b\u0107<\/a><\/h3>\t\t\t\t<\/div>\n\t\t\t\t\t<\/div>\n\t\t<\/div>\n\t\t\t\t\t<\/div>\n\t\t<\/section>\n\t\t\t\t<section class=\"elementor-section elementor-inner-section elementor-element elementor-element-a92d522 elementor-section-boxed elementor-section-height-default elementor-section-height-default qodef-elementor-content-no\" data-id=\"a92d522\" data-element_type=\"section\">\n\t\t\t\t\t\t<div class=\"elementor-container elementor-column-gap-default\">\n\t\t\t\t\t<div class=\"elementor-column elementor-col-33 elementor-inner-column elementor-element elementor-element-948b470\" data-id=\"948b470\" data-element_type=\"column\" data-settings=\"{&quot;background_background&quot;:&quot;classic&quot;}\">\n\t\t\t<div class=\"elementor-widget-wrap elementor-element-populated\">\n\t\t\t\t\t\t<div class=\"elementor-element elementor-element-df8fedc elementor-widget elementor-widget-heading\" data-id=\"df8fedc\" data-element_type=\"widget\" data-widget_type=\"heading.default\">\n\t\t\t\t\t<h3 class=\"elementor-heading-title elementor-size-default\"><a href=\"#\">Zmiany<\/a><\/h3>\t\t\t\t<\/div>\n\t\t\t\t\t<\/div>\n\t\t<\/div>\n\t\t\t\t<div class=\"elementor-column elementor-col-33 elementor-inner-column elementor-element elementor-element-71d29f4\" data-id=\"71d29f4\" data-element_type=\"column\">\n\t\t\t<div class=\"elementor-widget-wrap elementor-element-populated\">\n\t\t\t\t\t\t<div class=\"elementor-element elementor-element-9139f69 elementor-widget elementor-widget-image\" data-id=\"9139f69\" data-element_type=\"widget\" data-widget_type=\"image.default\">\n\t\t\t\t\t\t\t\t\t\t\t\t\t\t\t\t<a href=\"https:\/\/monikamacioszek.pl\/team\/\">\n\t\t\t\t\t\t\t<img decoding=\"async\" width=\"683\" height=\"1024\" src=\"https:\/\/monikamacioszek.pl\/wp-content\/uploads\/2025\/11\/WEB_13341-25.8-Monika-Macioszczyk-Radykale-wybaczanie-683x1024.jpg\" class=\"attachment-large size-large wp-image-3155\" alt=\"\" srcset=\"https:\/\/monikamacioszek.pl\/wp-content\/uploads\/2025\/11\/WEB_13341-25.8-Monika-Macioszczyk-Radykale-wybaczanie-683x1024.jpg 683w, https:\/\/monikamacioszek.pl\/wp-content\/uploads\/2025\/11\/WEB_13341-25.8-Monika-Macioszczyk-Radykale-wybaczanie-200x300.jpg 200w, https:\/\/monikamacioszek.pl\/wp-content\/uploads\/2025\/11\/WEB_13341-25.8-Monika-Macioszczyk-Radykale-wybaczanie-768x1152.jpg 768w, https:\/\/monikamacioszek.pl\/wp-content\/uploads\/2025\/11\/WEB_13341-25.8-Monika-Macioszczyk-Radykale-wybaczanie-1024x1536.jpg 1024w, https:\/\/monikamacioszek.pl\/wp-content\/uploads\/2025\/11\/WEB_13341-25.8-Monika-Macioszczyk-Radykale-wybaczanie-1365x2048.jpg 1365w, https:\/\/monikamacioszek.pl\/wp-content\/uploads\/2025\/11\/WEB_13341-25.8-Monika-Macioszczyk-Radykale-wybaczanie.jpg 1653w\" sizes=\"(max-width: 683px) 100vw, 683px\" \/>\t\t\t\t\t\t\t\t<\/a>\n\t\t\t\t\t\t\t\t\t\t\t\t\t\t\t<\/div>\n\t\t\t\t\t<\/div>\n\t\t<\/div>\n\t\t\t\t<div class=\"elementor-column elementor-col-33 elementor-inner-column elementor-element elementor-element-cd2fba0\" data-id=\"cd2fba0\" data-element_type=\"column\" data-settings=\"{&quot;background_background&quot;:&quot;classic&quot;}\">\n\t\t\t<div class=\"elementor-widget-wrap\">\n\t\t\t\t\t\t\t<\/div>\n\t\t<\/div>\n\t\t\t\t\t<\/div>\n\t\t<\/section>\n\t\t\t\t\t<\/div>\n\t\t<\/div>\n\t\t\t\t\t<\/div>\n\t\t<\/section>\n\t\t<div class=\"elementor-element elementor-element-4410afe e-flex e-con-boxed qodef-elementor-content-no e-con e-parent\" data-id=\"4410afe\" data-element_type=\"container\" data-settings=\"{&quot;background_background&quot;:&quot;classic&quot;}\">\n\t\t\t\t\t<div class=\"e-con-inner\">\n\t\t\t\t<div class=\"elementor-element elementor-element-9ea31a5 elementor-widget__width-initial elementor-widget-mobile__width-inherit elementor-widget elementor-widget-qi_addons_for_elementor_section_title\" data-id=\"9ea31a5\" data-element_type=\"widget\" data-widget_type=\"qi_addons_for_elementor_section_title.default\">\n\t\t\t\t<div class=\"elementor-widget-container\">\n\t\t\t\t\t<div class=\"qodef-shortcode qodef-m qodef-qi-section-title qodef-decoration--italic qodef-link--underline-draw qodef-subtitle-icon--left\">\n\t\t\t\t\t\t<h1 class=\"qodef-m-title\">\n\t\tCo mo\u017cesz odkry\u0107 poprzez numerologi\u0119?\t<\/h1>\n\t\t\t<\/div>\n\t\t\t\t<\/div>\n\t\t\t\t<\/div>\n\t\t\t\t\t<\/div>\n\t\t\t\t<\/div>\n\t\t\t\t<section class=\"elementor-section elementor-top-section elementor-element elementor-element-affb0a4 elementor-section-full_width elementor-section-height-default elementor-section-height-default qodef-elementor-content-no\" data-id=\"affb0a4\" data-element_type=\"section\" data-settings=\"{&quot;background_background&quot;:&quot;classic&quot;}\">\n\t\t\t\t\t\t<div class=\"elementor-container elementor-column-gap-default\">\n\t\t\t\t\t<div class=\"elementor-column elementor-col-50 elementor-top-column elementor-element elementor-element-2330b98\" data-id=\"2330b98\" data-element_type=\"column\">\n\t\t\t<div class=\"elementor-widget-wrap elementor-element-populated\">\n\t\t\t\t\t\t<div class=\"elementor-element elementor-element-b904b17 elementor-widget__width-initial elementor-widget elementor-widget-qi_addons_for_elementor_section_title\" data-id=\"b904b17\" data-element_type=\"widget\" data-widget_type=\"qi_addons_for_elementor_section_title.default\">\n\t\t\t\t<div class=\"elementor-widget-container\">\n\t\t\t\t\t<div class=\"qodef-shortcode qodef-m qodef-qi-section-title qodef-decoration--italic qodef-link--underline-draw qodef-subtitle-icon--left\">\n\t\t\t\t\t\t\t\t<div class=\"qodef-m-text\"><h3><b>G\u0142\u0119bokie Zrozumienie Siebie<\/b><\/h3><p>Poznajesz swoje naturalne talenty, mocne strony i potrzeby \u2014 widzisz, co jest Twoje, a co zosta\u0142o Ci narzucone.<br \/><br \/><\/p><h3><b>\u015awiadome Relacje<\/b><\/h3><p>Lepiej rozumiesz dynamik\u0119 z innymi \u2014 sk\u0105d wynikaj\u0105 Wasze r\u00f3\u017cnice i jak mo\u017cecie si\u0119 wspiera\u0107 zamiast rani\u0107.<\/p><\/div>\n\t<\/div>\n\t\t\t\t<\/div>\n\t\t\t\t<\/div>\n\t\t\t\t\t<\/div>\n\t\t<\/div>\n\t\t\t\t<div class=\"elementor-column elementor-col-50 elementor-top-column elementor-element elementor-element-f197a6f\" data-id=\"f197a6f\" data-element_type=\"column\">\n\t\t\t<div class=\"elementor-widget-wrap elementor-element-populated\">\n\t\t\t\t\t\t<div class=\"elementor-element elementor-element-78d9f09 elementor-widget__width-initial elementor-widget elementor-widget-qi_addons_for_elementor_section_title\" data-id=\"78d9f09\" data-element_type=\"widget\" data-widget_type=\"qi_addons_for_elementor_section_title.default\">\n\t\t\t\t<div class=\"elementor-widget-container\">\n\t\t\t\t\t<div class=\"qodef-shortcode qodef-m qodef-qi-section-title qodef-decoration--italic qodef-link--underline-draw qodef-subtitle-icon--left\">\n\t\t\t\t\t\t\t\t<div class=\"qodef-m-text\"><h3><b>Klarowno\u015b\u0107 Kierunku \u017bycia<\/b><\/h3><p>Odkrywasz map\u0119 swojego \u017cyciowego potencja\u0142u i misji. \u0141atwiej podejmujesz decyzje, kt\u00f3re s\u0105 zgodne z Tob\u0105 i Twoj\u0105 drog\u0105.<br \/><br \/><\/p><h3><b>Praca z Cyklami i Timingiem<\/b><\/h3><p>Dowiadujesz si\u0119, kiedy jest najlepszy czas na zmiany, starty, rozw\u00f3j czy odpoczynek. Dzia\u0142asz w rytmie, kt\u00f3ry naprawd\u0119 Ci sprzyja.<\/p><\/div>\n\t<\/div>\n\t\t\t\t<\/div>\n\t\t\t\t<\/div>\n\t\t\t\t<div class=\"elementor-element elementor-element-962d1a9 elementor-widget__width-inherit elementor-widget-mobile__width-inherit elementor-widget elementor-widget-qi_addons_for_elementor_section_title\" data-id=\"962d1a9\" data-element_type=\"widget\" data-widget_type=\"qi_addons_for_elementor_section_title.default\">\n\t\t\t\t<div class=\"elementor-widget-container\">\n\t\t\t\t\t<div class=\"qodef-shortcode qodef-m qodef-qi-section-title qodef-decoration--italic qodef-link--underline-draw qodef-subtitle-icon--left\">\n\t\t\t\t\t\t\t\t\t<div class=\"qodef-m-button qodef-qi-clear\">\n\t\t<a class=\"qodef-shortcode qodef-m qodef-qi-button qodef-html--link qodef-layout--outlined qodef-type--standard qodef-icon--right qodef-hover--icon-move-diagonal\" href=\"https:\/\/monikamacioszek.pl\/?page_id=872\" target=\"_self\">\t<span class=\"qodef-m-text\">Um\u00f3w si\u0119 na sesj\u0119<\/span>\t\t<span class=\"qodef-m-icon\">\t\t<span class=\"qodef-m-icon-inner\">\t\t\t<svg xmlns=\"http:\/\/www.w3.org\/2000\/svg\" viewBox=\"0 0 8.89 8.89\" style=\"stroke: transparent;\"><title>arrow-up-right<\/title><path d=\"M8.73.27h0A.74.74,0,0,0,8.51.12h0A.61.61,0,0,0,8.16.06H.8a.74.74,0,0,0,0,1.48H6.4L.27,7.67A.75.75,0,0,0,.79,8.94a.79.79,0,0,0,.53-.22L7.47,2.57V8.2A.74.74,0,0,0,9,8.2V.8A.77.77,0,0,0,8.73.27Z\" transform=\"translate(-0.05 -0.06)\"><\/path><\/svg>\t\t\t\t\t\t\t<svg xmlns=\"http:\/\/www.w3.org\/2000\/svg\" viewBox=\"0 0 8.89 8.89\" style=\"stroke: transparent;\"><title>arrow-up-right<\/title><path d=\"M8.73.27h0A.74.74,0,0,0,8.51.12h0A.61.61,0,0,0,8.16.06H.8a.74.74,0,0,0,0,1.48H6.4L.27,7.67A.75.75,0,0,0,.79,8.94a.79.79,0,0,0,.53-.22L7.47,2.57V8.2A.74.74,0,0,0,9,8.2V.8A.77.77,0,0,0,8.73.27Z\" transform=\"translate(-0.05 -0.06)\"><\/path><\/svg>\t\t\t\t\t<\/span>\t<\/span><\/a>\t<\/div>\n<\/div>\n\t\t\t\t<\/div>\n\t\t\t\t<\/div>\n\t\t\t\t\t<\/div>\n\t\t<\/div>\n\t\t\t\t\t<\/div>\n\t\t<\/section>\n\t\t<div class=\"elementor-element elementor-element-e096d73 e-flex e-con-boxed qodef-elementor-content-no e-con e-parent\" data-id=\"e096d73\" data-element_type=\"container\">\n\t\t\t\t\t<div class=\"e-con-inner\">\n\t\t\t\t\t<\/div>\n\t\t\t\t<\/div>\n\t\t\t\t<\/div>\n\t\t","protected":false},"excerpt":{"rendered":"<p>Numerologia to staro\u017cytna sztuka odczytywania energii liczb \u2014 ale przede wszystkim narz\u0119dzie samopoznania. Twoja data urodzenia, imi\u0119 i nazwisko nie s\u0105 przypadkowe. Ka\u017cda liczba niesie okre\u015blon\u0105 jako\u015b\u0107, kt\u00f3ra wp\u0142ywa na Twoje \u017cycie. Um\u00f3w si\u0119 na sesj\u0119 arrow-up-right arrow-up-right Mapa Twojej Duszy. Kod Twojego \u017cycia. Numerologia nie przewiduje przysz\u0142o\u015bci \u2014 ona pomaga Ci zrozumie\u0107 dlaczego pewne [&hellip;]<\/p>\n","protected":false},"author":1,"featured_media":3102,"parent":0,"menu_order":0,"comment_status":"closed","ping_status":"closed","template":"qi-full-width.php","meta":{"footnotes":""},"class_list":["post-2924","page","type-page","status-publish","has-post-thumbnail","hentry"],"_links":{"self":[{"href":"https:\/\/monikamacioszek.pl\/index.php?rest_route=\/wp\/v2\/pages\/2924","targetHints":{"allow":["GET"]}}],"collection":[{"href":"https:\/\/monikamacioszek.pl\/index.php?rest_route=\/wp\/v2\/pages"}],"about":[{"href":"https:\/\/monikamacioszek.pl\/index.php?rest_route=\/wp\/v2\/types\/page"}],"author":[{"embeddable":true,"href":"https:\/\/monikamacioszek.pl\/index.php?rest_route=\/wp\/v2\/users\/1"}],"replies":[{"embeddable":true,"href":"https:\/\/monikamacioszek.pl\/index.php?rest_route=%2Fwp%2Fv2%2Fcomments&post=2924"}],"version-history":[{"count":36,"href":"https:\/\/monikamacioszek.pl\/index.php?rest_route=\/wp\/v2\/pages\/2924\/revisions"}],"predecessor-version":[{"id":3231,"href":"https:\/\/monikamacioszek.pl\/index.php?rest_route=\/wp\/v2\/pages\/2924\/revisions\/3231"}],"wp:featuredmedia":[{"embeddable":true,"href":"https:\/\/monikamacioszek.pl\/index.php?rest_route=\/wp\/v2\/media\/3102"}],"wp:attachment":[{"href":"https:\/\/monikamacioszek.pl\/index.php?rest_route=%2Fwp%2Fv2%2Fmedia&parent=2924"}],"curies":[{"name":"wp","href":"https:\/\/api.w.org\/{rel}","templated":true}]}}